{"id":8,"date":"2016-12-27T09:37:33","date_gmt":"2016-12-27T09:37:33","guid":{"rendered":"http:\/\/185.25.192.243\/?page_id=8"},"modified":"2016-12-27T14:32:41","modified_gmt":"2016-12-27T14:32:41","slug":"about","status":"publish","type":"page","link":"https:\/\/www.cblumer.eu\/index.php\/about\/","title":{"rendered":"A propos de moi&#8230;"},"content":{"rendered":"<ul>\n<li>Consultant en management &amp; gestion de projets IT &amp; T\u00e9l\u00e9com.<\/li>\n<li>Expert en infrastructure, notamment virtualisation, serveurs et r\u00e9seau et sp\u00e9cifiquement IPv6.<\/li>\n<li>Avec une exp\u00e9rience de plus de 20 ans.<\/li>\n<\/ul>\n","protected":false},"excerpt":{"rendered":"<p>Consultant en management &amp; gestion de projets IT &amp; T\u00e9l\u00e9com. Expert en infrastructure, notamment virtualisation, serveurs et r\u00e9seau et sp\u00e9cifiquement IPv6. Avec une exp\u00e9rience de plus de 20 ans.<\/p>\n","protected":false},"author":1,"featured_media":40,"parent":0,"menu_order":0,"comment_status":"closed","ping_status":"closed","template":"","meta":[],"_links":{"self":[{"href":"https:\/\/www.cblumer.eu\/index.php\/wp-json\/wp\/v2\/pages\/8"}],"collection":[{"href":"https:\/\/www.cblumer.eu\/index.php\/wp-json\/wp\/v2\/pages"}],"about":[{"href":"https:\/\/www.cblumer.eu\/index.php\/wp-json\/wp\/v2\/types\/page"}],"author":[{"embeddable":true,"href":"https:\/\/www.cblumer.eu\/index.php\/wp-json\/wp\/v2\/users\/1"}],"replies":[{"embeddable":true,"href":"https:\/\/www.cblumer.eu\/index.php\/wp-json\/wp\/v2\/comments?post=8"}],"version-history":[{"count":6,"href":"https:\/\/www.cblumer.eu\/index.php\/wp-json\/wp\/v2\/pages\/8\/revisions"}],"predecessor-version":[{"id":58,"href":"https:\/\/www.cblumer.eu\/index.php\/wp-json\/wp\/v2\/pages\/8\/revisions\/58"}],"wp:featuredmedia":[{"embeddable":true,"href":"https:\/\/www.cblumer.eu\/index.php\/wp-json\/wp\/v2\/media\/40"}],"wp:attachment":[{"href":"https:\/\/www.cblumer.eu\/index.php\/wp-json\/wp\/v2\/media?parent=8"}],"curies":[{"name":"wp","href":"https:\/\/api.w.org\/{rel}","templated":true}]}}